{"id":3375,"date":"2020-07-07T03:21:29","date_gmt":"2020-07-07T03:21:29","guid":{"rendered":"http:\/\/tigges.es\/home\/"},"modified":"2023-10-31T13:48:35","modified_gmt":"2023-10-31T13:48:35","slug":"home","status":"publish","type":"page","link":"https:\/\/tigges.es\/es\/","title":{"rendered":"Home"},"content":{"rendered":"\t\t<div data-elementor-type=\"wp-page\" data-elementor-id=\"3375\" class=\"elementor elementor-3375 elementor-1421\" data-elementor-settings=\"{&quot;page_masthead_image_height&quot;:{&quot;unit&quot;:&quot;px&quot;,&quot;size&quot;:900,&quot;sizes&quot;:[]},&quot;page_masthead_image_height_tablet&quot;:{&quot;unit&quot;:&quot;vh&quot;,&quot;size&quot;:70,&quot;sizes&quot;:[]},&quot;page_masthead_image_height_mobile&quot;:{&quot;unit&quot;:&quot;vh&quot;,&quot;size&quot;:50,&quot;sizes&quot;:[]},&quot;page_masthead_background_position_x&quot;:{&quot;unit&quot;:&quot;%&quot;,&quot;size&quot;:50,&quot;sizes&quot;:[]},&quot;page_masthead_background_position_x_tablet&quot;:{&quot;unit&quot;:&quot;%&quot;,&quot;size&quot;:50,&quot;sizes&quot;:[]},&quot;page_masthead_background_position_x_mobile&quot;:{&quot;unit&quot;:&quot;%&quot;,&quot;size&quot;:50,&quot;sizes&quot;:[]},&quot;page_masthead_background_position_y&quot;:{&quot;unit&quot;:&quot;%&quot;,&quot;size&quot;:50,&quot;sizes&quot;:[]},&quot;page_masthead_background_position_y_tablet&quot;:{&quot;unit&quot;:&quot;%&quot;,&quot;size&quot;:50,&quot;sizes&quot;:[]},&quot;page_masthead_background_position_y_mobile&quot;:{&quot;unit&quot;:&quot;%&quot;,&quot;size&quot;:50,&quot;sizes&quot;:[]},&quot;rhye_hide_title_disabled&quot;:&quot;yes&quot;}\" data-elementor-post-type=\"page\">\n\t\t\t\t<div class=\"elementor-element elementor-element-00351b1 e-con-full pt-xlarge pb-large container-fluid e-flex e-con e-parent\" data-id=\"00351b1\" data-element_type=\"container\" data-e-type=\"container\">\n\t\t\t\t<div class=\"elementor-element elementor-element-29a8adc elementor-widget elementor-widget-heading\" data-id=\"29a8adc\" data-element_type=\"widget\" data-e-type=\"widget\" data-widget_type=\"heading.default\">\n\t\t\t\t<div class=\"elementor-widget-container\">\n\t\t\t\t\t<h2 class=\"elementor-heading-title elementor-size-default\">El estudio Tigges Architekt, dirigido por el suizo Daniel Tigges, tiene su sede en Barcelona y se caracteriza por la fusi\u00f3n del dise\u00f1o contempor\u00e1neo con la construcci\u00f3n sostenible. <\/h2>\t\t\t\t<\/div>\n\t\t\t\t<\/div>\n\t\t\t\t<div class=\"elementor-element elementor-element-fb9f24c elementor-widget elementor-widget-rhye-widget-button\" data-id=\"fb9f24c\" data-element_type=\"widget\" data-e-type=\"widget\" data-widget_type=\"rhye-widget-button.default\">\n\t\t\t\t<div class=\"elementor-widget-container\">\n\t\t\t\t\t\n\t\t\t\t\t<div class=\"section section-content\" data-arts-os-animation=\"true\">\n\t\t\t\t<div class=\"section-content__button\">\n\t\t\t\t\t<a class=\"elementor-button-link button button_bordered bg-dark-1\" href=\"https:\/\/tigges.es\/minergie-sustainability\/\" data-hover=\"MINERGIE\">\n\t\t\t\t\t\t<span class=\"button__label-hover\">Arquitectura sostenible<\/span>\n\t\t\t\t\t<\/a>\n\t\t\t\t<\/div>\n\t\t\t<\/div>\n\t\t\n\t\t\t\t\t\t<\/div>\n\t\t\t\t<\/div>\n\t\t\t\t<\/div>\n\t\t\t\t<section class=\"elementor-section elementor-top-section elementor-element elementor-element-dead311 pt-xsmall pb-medium section-scroll elementor-section-full_width container-fluid elementor-section-height-default elementor-section-height-default\" data-id=\"dead311\" data-element_type=\"section\" data-e-type=\"section\" id=\"projects\" data-settings=\"{&quot;theme_section_switch_theme_enabled&quot;:&quot;section-scroll&quot;,&quot;theme_section_switch_theme_trigger_hook&quot;:{&quot;unit&quot;:&quot;px&quot;,&quot;size&quot;:0,&quot;sizes&quot;:[]},&quot;theme_section_switch_theme_offset&quot;:{&quot;unit&quot;:&quot;px&quot;,&quot;size&quot;:0,&quot;sizes&quot;:[]},&quot;theme_section_color_on_scroll&quot;:&quot;bg-dark-1&quot;,&quot;theme_section_main_theme_text_on_scroll&quot;:&quot;arts-elementor-theme-light&quot;}\" data-arts-default-theme=\"\" data-arts-default-color=\"\" data-arts-scroll-theme=\"bg-dark-1\" data-arts-scroll-color=\"arts-elementor-theme-light\" data-arts-scroll-offset=\"0\" data-arts-scroll-trigger-hook=\"0\">\n\t\t\t\t\t\t<div class=\"elementor-container elementor-column-gap-no\">\n\t\t\t\t\t<div class=\"elementor-column elementor-col-100 elementor-top-column elementor-element elementor-element-716993b\" data-id=\"716993b\" data-element_type=\"column\" data-e-type=\"column\">\n\t\t\t<div class=\"elementor-widget-wrap elementor-element-populated\">\n\t\t\t\t\t\t<div class=\"elementor-element elementor-element-37aa504 elementor-widget elementor-widget-rhye-widget-portfolio-mouse-hover-reveal\" data-id=\"37aa504\" data-element_type=\"widget\" data-e-type=\"widget\" data-widget_type=\"rhye-widget-portfolio-mouse-hover-reveal.default\">\n\t\t\t\t<div class=\"elementor-widget-container\">\n\t\t\t\t\t\n\t\t<div class=\"section section-list\" data-arts-os-animation=\"true\">\n\t\t\t<div class=\"list-projects js-list-hover\" data-arts-hover-strength=\"0.3\" data-arts-hover-scale-texture=\"1.2\" data-arts-hover-scale-plane=\"0.33\" data-arts-hover-enabled-at=\"768\">\n\t\t\t\t<div class=\"list-projects__items\">\n\t\t\t\t\t\t\t\t\t<\/div>\n\t\t\t\t<!-- fixed canvas -->\n\t\t\t\t<canvas class=\"list-project__canvas js-list-hover__canvas\" data-arts-scroll-fixed=\"true\"><\/canvas>\n\t\t\t\t<!-- - fixed canvas -->\n\t\t\t<\/div>\n\t\t<\/div>\n\n\t\t\t\t\t\t<\/div>\n\t\t\t\t<\/div>\n\t\t\t\t\t<\/div>\n\t\t<\/div>\n\t\t\t\t\t<\/div>\n\t\t<\/section>\n\t\t\t\t<\/div>\n\t\t","protected":false},"excerpt":{"rendered":"<p>El estudio Tigges Architekt, dirigido por el suizo Daniel Tigges, tiene su sede en Barcelona y se caracteriza por la fusi\u00f3n del dise\u00f1o contempor\u00e1neo con la construcci\u00f3n sostenible. Arquitectura sostenible HISTORIC BUILDING GETS PASSIVHAUS Explorar proyecto HOUSE WITH POOL ALELLA Explorar proyecto SCHOOL EL TIL\u00b7LER Explorar proyecto CASA-P Explorar proyecto CAN TITELLA Explorar proyecto EXTENSION [&hellip;]<\/p>\n","protected":false},"author":1,"featured_media":0,"parent":0,"menu_order":0,"comment_status":"closed","ping_status":"closed","template":"elementor_header_footer","meta":{"_acf_changed":false,"footnotes":""},"class_list":["post-3375","page","type-page","status-publish","hentry"],"acf":[],"_links":{"self":[{"href":"https:\/\/tigges.es\/es\/wp-json\/wp\/v2\/pages\/3375","targetHints":{"allow":["GET"]}}],"collection":[{"href":"https:\/\/tigges.es\/es\/wp-json\/wp\/v2\/pages"}],"about":[{"href":"https:\/\/tigges.es\/es\/wp-json\/wp\/v2\/types\/page"}],"author":[{"embeddable":true,"href":"https:\/\/tigges.es\/es\/wp-json\/wp\/v2\/users\/1"}],"replies":[{"embeddable":true,"href":"https:\/\/tigges.es\/es\/wp-json\/wp\/v2\/comments?post=3375"}],"version-history":[{"count":0,"href":"https:\/\/tigges.es\/es\/wp-json\/wp\/v2\/pages\/3375\/revisions"}],"wp:attachment":[{"href":"https:\/\/tigges.es\/es\/wp-json\/wp\/v2\/media?parent=3375"}],"curies":[{"name":"wp","href":"https:\/\/api.w.org\/{rel}","templated":true}]}}