{"id":3379,"date":"2023-09-27T08:40:57","date_gmt":"2023-09-27T06:40:57","guid":{"rendered":"http:\/\/tigges.es\/daniel-tigges\/"},"modified":"2023-10-31T13:51:24","modified_gmt":"2023-10-31T13:51:24","slug":"daniel-tigges","status":"publish","type":"page","link":"https:\/\/tigges.es\/es\/daniel-tigges\/","title":{"rendered":"Daniel Tigges"},"content":{"rendered":"\t\t<div data-elementor-type=\"wp-page\" data-elementor-id=\"3379\" class=\"elementor elementor-3379 elementor-2224\" data-elementor-settings=\"{&quot;page_masthead_background_position_x&quot;:{&quot;unit&quot;:&quot;%&quot;,&quot;size&quot;:50,&quot;sizes&quot;:[]},&quot;page_masthead_background_position_x_tablet&quot;:{&quot;unit&quot;:&quot;%&quot;,&quot;size&quot;:50,&quot;sizes&quot;:[]},&quot;page_masthead_background_position_x_mobile&quot;:{&quot;unit&quot;:&quot;%&quot;,&quot;size&quot;:50,&quot;sizes&quot;:[]},&quot;page_masthead_background_position_y&quot;:{&quot;unit&quot;:&quot;%&quot;,&quot;size&quot;:50,&quot;sizes&quot;:[]},&quot;page_masthead_background_position_y_tablet&quot;:{&quot;unit&quot;:&quot;%&quot;,&quot;size&quot;:50,&quot;sizes&quot;:[]},&quot;page_masthead_background_position_y_mobile&quot;:{&quot;unit&quot;:&quot;%&quot;,&quot;size&quot;:50,&quot;sizes&quot;:[]},&quot;rhye_hide_title_disabled&quot;:&quot;yes&quot;}\" data-elementor-post-type=\"page\">\n\t\t\t\t<div class=\"elementor-element elementor-element-d89b0a4 pt-medium pb-medium e-flex e-con-boxed e-con e-parent\" data-id=\"d89b0a4\" data-element_type=\"container\" data-e-type=\"container\">\n\t\t\t\t\t<div class=\"e-con-inner\">\n\t\t\t\t<div class=\"elementor-element elementor-element-0d4b13b elementor-widget elementor-widget-text-editor\" data-id=\"0d4b13b\" data-element_type=\"widget\" data-e-type=\"widget\" data-widget_type=\"text-editor.default\">\n\t\t\t\t<div class=\"elementor-widget-container\">\n\t\t\t\t\t\t\t\t\tComo estudio de arquitectura competente, nuestro objetivo es dise\u00f1ar y construir de acuerdo con las necesidades de nuestros clientes. <strong>Lideramos nuestra profesi\u00f3n con un gran conocimiento y con plena conciencia de nuestra responsabilidad hacia el medio ambiente y la sociedad.<\/strong>\n\nLa econom\u00eda y la industria de la construcci\u00f3n actual como concepto de desarrollo sostenible, requieren una forma inteligente de dise\u00f1ar los edificios para que operen rentables tanto en el corto como en el largo plazo. Intentamos reaccionar analizando el lugar, la historia y el desarrollo, con el criterio de escala correspondiente.\n\nPensamos y desarrollamos el paisaje urbano como el minucioso desarrollo y ejecuci\u00f3n de los peque\u00f1os detalles. Contamos con el apoyo de un equipo interdisciplinario de alto nivel. La arquitectura contempor\u00e1nea es para nosotros duradera y apasionante y siempre la ponemos en relaci\u00f3n con el futuro y pasada al tiempo de la historia.\t\t\t\t\t\t\t\t<\/div>\n\t\t\t\t<\/div>\n\t\t\t\t\t<\/div>\n\t\t\t\t<\/div>\n\t\t\t\t<section class=\"elementor-section elementor-top-section elementor-element elementor-element-a4b4e02 elementor-section-full_width pt-medium pb-medium bg-white elementor-section-height-default elementor-section-height-default\" data-id=\"a4b4e02\" data-element_type=\"section\" data-e-type=\"section\" data-settings=\"{&quot;theme_section_color&quot;:&quot;bg-white&quot;}\">\n\t\t\t\t\t\t<div class=\"elementor-container elementor-column-gap-no\">\n\t\t\t\t\t<div class=\"elementor-column elementor-col-100 elementor-top-column elementor-element elementor-element-ffde963\" data-id=\"ffde963\" data-element_type=\"column\" data-e-type=\"column\">\n\t\t\t<div class=\"elementor-widget-wrap elementor-element-populated\">\n\t\t\t\t\t\t<section class=\"elementor-section elementor-inner-section elementor-element elementor-element-a468adf elementor-section-full_width container-fluid elementor-section-height-default elementor-section-height-default\" data-id=\"a468adf\" data-element_type=\"section\" data-e-type=\"section\">\n\t\t\t\t\t\t<div class=\"elementor-container elementor-column-gap-no\">\n\t\t\t\t\t<div class=\"elementor-column elementor-col-100 elementor-inner-column elementor-element elementor-element-e0a5557\" data-id=\"e0a5557\" data-element_type=\"column\" data-e-type=\"column\">\n\t\t\t<div class=\"elementor-widget-wrap elementor-element-populated\">\n\t\t\t\t\t\t<div class=\"elementor-element elementor-element-5c15b49 elementor-widget elementor-widget-heading\" data-id=\"5c15b49\" data-element_type=\"widget\" data-e-type=\"widget\" data-widget_type=\"heading.default\">\n\t\t\t\t<div class=\"elementor-widget-container\">\n\t\t\t\t\t<h2 class=\"elementor-heading-title elementor-size-default\">PUBLICACIONES Y PREMIOS\/<\/h2>\t\t\t\t<\/div>\n\t\t\t\t<\/div>\n\t\t\t\t<div class=\"elementor-element elementor-element-33a0f0e elementor-widget elementor-widget-rhye-widget-slider-testimonials\" data-id=\"33a0f0e\" data-element_type=\"widget\" data-e-type=\"widget\" data-widget_type=\"rhye-widget-slider-testimonials.default\">\n\t\t\t\t<div class=\"elementor-widget-container\">\n\t\t\t\t\t\n\t\t\t\t\t<div class=\"section section-testimonials text-center\" data-arts-os-animation=\"true\">\n\t\t\t\t<div class=\"swiper swiper-container slider slider-testimonials js-slider-testimonials\" data-speed=\"1200\" data-counter-style=\"\" data-counter-add-zeros=\"\" data-autoplay-enabled=\"true\" data-autoplay-delay=\"6000\">\n\t\t\t\t\t<div class=\"swiper-wrapper\">\n\t\t\t\t\t\t\t\t\t\t\t\t\t\t\t\t\t\t\t\t<div class=\"swiper-slide\">\n\t\t\t\t\t\t\t\t<div class=\"container container_p-xs-0 figure-testimonial\">\n\t\t\t\t\t\t\t\t\t<div class=\"row justify-content-center align-items-center\">\n\t\t\t\t\t\t\t\t\t\t\t\t\t\t\t\t\t\t\t\t<!-- content -->\n\t\t\t\t\t\t\t\t\t\t<div class=\"col-lg-8\">\n\t\t\t\t\t\t\t\t\t\t\t\t\t\t\t\t\t\t\t\t\t\t\t\t\t\t\t\t\t\t\t\t\t\t\t\t\t\t\t\t\t\t\t\t\t\t\t\t\t\t\t\t\t\t\t\t\t\t\t\t\t\t\t\t\t\t\t\t\t\t<div class=\"slider-testimonials__text split-text js-split-text\" data-split-text-type=\"lines\" data-split-text-set=\"lines\">\n\t\t\t\t\t\t\t\t\t\t\t\t\t\t\t\t\t\t\t\t\t\t\t\t\t<blockquote class=\"figure-testimonial__text blockquote mt-1 mb-1\">Can Mati - Book: Live Greener, Loft Editorial, Barcelona, p. 266-275\nNan Arquitectura y Construcci\u00f3n 177, p. 18-21.<\/blockquote>\n\t\t\t\t\t\t\t\t\t\t\t\t\t\t\t\t\t\t\t\t\t\t\t\t\t\t\t\t\t\t\t\t\t\t\t\t\t<div class=\"figure-testimonial__author subheading mt-2\">2023<\/div>\n\t\t\t\t\t\t\t\t\t\t\t\t\t\t\t\t\t\t\t\t\t\t\t<\/div>\n\t\t\t\t\t\t\t\t\t\t<\/div>\n\t\t\t\t\t\t\t\t\t\t<!-- - content -->\n\t\t\t\t\t\t\t\t\t<\/div>\n\t\t\t\t\t\t\t\t<\/div>\n\t\t\t\t\t\t\t<\/div>\n\t\t\t\t\t\t\t\t\t\t\t\t\t\t\t\t\t\t\t\t<div class=\"swiper-slide\">\n\t\t\t\t\t\t\t\t<div class=\"container container_p-xs-0 figure-testimonial\">\n\t\t\t\t\t\t\t\t\t<div class=\"row justify-content-center align-items-center\">\n\t\t\t\t\t\t\t\t\t\t\t\t\t\t\t\t\t\t\t\t<!-- content -->\n\t\t\t\t\t\t\t\t\t\t<div class=\"col-lg-8\">\n\t\t\t\t\t\t\t\t\t\t\t\t\t\t\t\t\t\t\t\t\t\t\t\t\t\t\t\t\t\t\t\t\t\t\t\t\t\t\t\t\t\t\t\t\t\t\t\t\t\t\t\t\t\t\t\t\t\t\t\t\t\t\t\t\t\t\t\t\t\t<div class=\"slider-testimonials__text split-text js-split-text\" data-split-text-type=\"lines\" data-split-text-set=\"lines\">\n\t\t\t\t\t\t\t\t\t\t\t\t\t\t\t\t\t\t\t\t\t\t\t\t\t<blockquote class=\"figure-testimonial__text blockquote mt-1 mb-1\">Casa-P - Book: Green Architecture, Sustainable Future, Loft Editorial, Barcelona, p. 310-319.<\/blockquote>\n\t\t\t\t\t\t\t\t\t\t\t\t\t\t\t\t\t\t\t\t\t\t\t\t\t\t\t\t\t\t\t\t\t\t\t\t\t<div class=\"figure-testimonial__author subheading mt-2\">2022<\/div>\n\t\t\t\t\t\t\t\t\t\t\t\t\t\t\t\t\t\t\t\t\t\t\t<\/div>\n\t\t\t\t\t\t\t\t\t\t<\/div>\n\t\t\t\t\t\t\t\t\t\t<!-- - content -->\n\t\t\t\t\t\t\t\t\t<\/div>\n\t\t\t\t\t\t\t\t<\/div>\n\t\t\t\t\t\t\t<\/div>\n\t\t\t\t\t\t\t\t\t\t\t\t\t\t\t\t\t\t\t\t<div class=\"swiper-slide\">\n\t\t\t\t\t\t\t\t<div class=\"container container_p-xs-0 figure-testimonial\">\n\t\t\t\t\t\t\t\t\t<div class=\"row justify-content-center align-items-center\">\n\t\t\t\t\t\t\t\t\t\t\t\t\t\t\t\t\t\t\t\t<!-- content -->\n\t\t\t\t\t\t\t\t\t\t<div class=\"col-lg-8\">\n\t\t\t\t\t\t\t\t\t\t\t\t\t\t\t\t\t\t\t\t\t\t\t\t\t\t\t\t\t\t\t\t\t\t\t\t\t\t\t\t\t\t\t\t\t\t\t\t\t\t\t\t\t\t\t\t\t\t\t\t\t\t\t\t\t\t\t\t\t\t<div class=\"slider-testimonials__text split-text js-split-text\" data-split-text-type=\"lines\" data-split-text-set=\"lines\">\n\t\t\t\t\t\t\t\t\t\t\t\t\t\t\t\t\t\t\t\t\t\t\t\t\t<blockquote class=\"figure-testimonial__text blockquote mt-1 mb-1\">Waldorf School El Tiller - Book: Kindergarten Architecture, Loft Editorial, Barcelona, p. 128-137.\n<br>On dise\u00f1o 396, foto on front page and project on pages p. 34-39.\n<br>AV Monograf\u00edas 223-224 \u2018Anuario 2020, p. 112-117.\n<br>Design-Educates-Book-2021, Laka Foundation, Awarded Architecture and Design p. 74-75, 2021 published bz Solarlux.\n<br>Selected for FAD award, Arquitectura e interiorismo, 2019.<\/blockquote>\n\t\t\t\t\t\t\t\t\t\t\t\t\t\t\t\t\t\t\t\t\t\t\t\t\t\t\t\t\t\t\t\t\t\t\t\t\t<div class=\"figure-testimonial__author subheading mt-2\">2020<\/div>\n\t\t\t\t\t\t\t\t\t\t\t\t\t\t\t\t\t\t\t\t\t\t\t<\/div>\n\t\t\t\t\t\t\t\t\t\t<\/div>\n\t\t\t\t\t\t\t\t\t\t<!-- - content -->\n\t\t\t\t\t\t\t\t\t<\/div>\n\t\t\t\t\t\t\t\t<\/div>\n\t\t\t\t\t\t\t<\/div>\n\t\t\t\t\t\t\t\t\t\t\t\t\t\t\t\t\t\t\t\t<div class=\"swiper-slide\">\n\t\t\t\t\t\t\t\t<div class=\"container container_p-xs-0 figure-testimonial\">\n\t\t\t\t\t\t\t\t\t<div class=\"row justify-content-center align-items-center\">\n\t\t\t\t\t\t\t\t\t\t\t\t\t\t\t\t\t\t\t\t<!-- content -->\n\t\t\t\t\t\t\t\t\t\t<div class=\"col-lg-8\">\n\t\t\t\t\t\t\t\t\t\t\t\t\t\t\t\t\t\t\t\t\t\t\t\t\t\t\t\t\t\t\t\t\t\t\t\t\t\t\t\t\t\t\t\t\t\t\t\t\t\t\t\t\t\t\t\t\t\t\t\t\t\t\t\t\t\t\t\t\t\t<div class=\"slider-testimonials__text split-text js-split-text\" data-split-text-type=\"lines\" data-split-text-set=\"lines\">\n\t\t\t\t\t\t\t\t\t\t\t\t\t\t\t\t\t\t\t\t\t\t\t\t\t<blockquote class=\"figure-testimonial__text blockquote mt-1 mb-1\">Can Titella, selected for: muestra de arquitectura catalana del coac.<\/blockquote>\n\t\t\t\t\t\t\t\t\t\t\t\t\t\t\t\t\t\t\t\t\t\t\t\t\t\t\t\t\t\t\t\t\t\t\t\t\t<div class=\"figure-testimonial__author subheading mt-2\">2015<\/div>\n\t\t\t\t\t\t\t\t\t\t\t\t\t\t\t\t\t\t\t\t\t\t\t<\/div>\n\t\t\t\t\t\t\t\t\t\t<\/div>\n\t\t\t\t\t\t\t\t\t\t<!-- - content -->\n\t\t\t\t\t\t\t\t\t<\/div>\n\t\t\t\t\t\t\t\t<\/div>\n\t\t\t\t\t\t\t<\/div>\n\t\t\t\t\t\t\t\t\t\t\t\t\t\t\t\t\t\t\t\t<div class=\"swiper-slide\">\n\t\t\t\t\t\t\t\t<div class=\"container container_p-xs-0 figure-testimonial\">\n\t\t\t\t\t\t\t\t\t<div class=\"row justify-content-center align-items-center\">\n\t\t\t\t\t\t\t\t\t\t\t\t\t\t\t\t\t\t\t\t<!-- content -->\n\t\t\t\t\t\t\t\t\t\t<div class=\"col-lg-8\">\n\t\t\t\t\t\t\t\t\t\t\t\t\t\t\t\t\t\t\t\t\t\t\t\t\t\t\t\t\t\t\t\t\t\t\t\t\t\t\t\t\t\t\t\t\t\t\t\t\t\t\t\t\t\t\t\t\t\t\t\t\t\t\t\t\t\t\t\t\t\t<div class=\"slider-testimonials__text split-text js-split-text\" data-split-text-type=\"lines\" data-split-text-set=\"lines\">\n\t\t\t\t\t\t\t\t\t\t\t\t\t\t\t\t\t\t\t\t\t\t\t\t\t<blockquote class=\"figure-testimonial__text blockquote mt-1 mb-1\">best architects 13 Award, extension of residence Muttenz.\n<br>Handing over first MINERGIE certificate in Spain, 12 octubre 2012, Ecohabitar and other media.<\/blockquote>\n\t\t\t\t\t\t\t\t\t\t\t\t\t\t\t\t\t\t\t\t\t\t\t\t\t\t\t\t\t\t\t\t\t\t\t\t\t<div class=\"figure-testimonial__author subheading mt-2\">2012<\/div>\n\t\t\t\t\t\t\t\t\t\t\t\t\t\t\t\t\t\t\t\t\t\t\t<\/div>\n\t\t\t\t\t\t\t\t\t\t<\/div>\n\t\t\t\t\t\t\t\t\t\t<!-- - content -->\n\t\t\t\t\t\t\t\t\t<\/div>\n\t\t\t\t\t\t\t\t<\/div>\n\t\t\t\t\t\t\t<\/div>\n\t\t\t\t\t\t\t\t\t\t\t\t\t\t\t\t\t\t\t\t<div class=\"swiper-slide\">\n\t\t\t\t\t\t\t\t<div class=\"container container_p-xs-0 figure-testimonial\">\n\t\t\t\t\t\t\t\t\t<div class=\"row justify-content-center align-items-center\">\n\t\t\t\t\t\t\t\t\t\t\t\t\t\t\t\t\t\t\t\t<!-- content -->\n\t\t\t\t\t\t\t\t\t\t<div class=\"col-lg-8\">\n\t\t\t\t\t\t\t\t\t\t\t\t\t\t\t\t\t\t\t\t\t\t\t\t\t\t\t\t\t\t\t\t\t\t\t\t\t\t\t\t\t\t\t\t\t\t\t\t\t\t\t\t\t\t\t\t\t\t\t\t\t\t\t\t\t\t\t\t\t\t<div class=\"slider-testimonials__text split-text js-split-text\" data-split-text-type=\"lines\" data-split-text-set=\"lines\">\n\t\t\t\t\t\t\t\t\t\t\t\t\t\t\t\t\t\t\t\t\t\t\t\t\t<blockquote class=\"figure-testimonial__text blockquote mt-1 mb-1\">Architecture prize 2009, municipality of Muttenz, extension of Koch Beuchat residence.\n<br>Umbauen + Renovieren July\/August 2009 room with view, extension of residential building Muttenz, p. 71-76.\n<br>3rd prize, competition by invitation, urbanistic remodelling Gstad M\u00fcnchenstein.<\/blockquote>\n\t\t\t\t\t\t\t\t\t\t\t\t\t\t\t\t\t\t\t\t\t\t\t\t\t\t\t\t\t\t\t\t\t\t\t\t\t<div class=\"figure-testimonial__author subheading mt-2\">2009<\/div>\n\t\t\t\t\t\t\t\t\t\t\t\t\t\t\t\t\t\t\t\t\t\t\t<\/div>\n\t\t\t\t\t\t\t\t\t\t<\/div>\n\t\t\t\t\t\t\t\t\t\t<!-- - content -->\n\t\t\t\t\t\t\t\t\t<\/div>\n\t\t\t\t\t\t\t\t<\/div>\n\t\t\t\t\t\t\t<\/div>\n\t\t\t\t\t\t\t\t\t\t\t\t\t\t\t\t\t\t\t\t<div class=\"swiper-slide\">\n\t\t\t\t\t\t\t\t<div class=\"container container_p-xs-0 figure-testimonial\">\n\t\t\t\t\t\t\t\t\t<div class=\"row justify-content-center align-items-center\">\n\t\t\t\t\t\t\t\t\t\t\t\t\t\t\t\t\t\t\t\t<!-- content -->\n\t\t\t\t\t\t\t\t\t\t<div class=\"col-lg-8\">\n\t\t\t\t\t\t\t\t\t\t\t\t\t\t\t\t\t\t\t\t\t\t\t\t\t\t\t\t\t\t\t\t\t\t\t\t\t\t\t\t\t\t\t\t\t\t\t\t\t\t\t\t\t\t\t\t\t\t\t\t\t\t\t\t\t\t\t\t\t\t<div class=\"slider-testimonials__text split-text js-split-text\" data-split-text-type=\"lines\" data-split-text-set=\"lines\">\n\t\t\t\t\t\t\t\t\t\t\t\t\t\t\t\t\t\t\t\t\t\t\t\t\t<blockquote class=\"figure-testimonial__text blockquote mt-1 mb-1\">For further publicacions consult the office.<\/blockquote>\n\t\t\t\t\t\t\t\t\t\t\t\t\t\t\t\t\t\t\t\t\t\t\t\t\t\t\t\t\t\t\t\t\t\t\t\t\t<div class=\"figure-testimonial__author subheading mt-2\">2008<\/div>\n\t\t\t\t\t\t\t\t\t\t\t\t\t\t\t\t\t\t\t\t\t\t\t<\/div>\n\t\t\t\t\t\t\t\t\t\t<\/div>\n\t\t\t\t\t\t\t\t\t\t<!-- - content -->\n\t\t\t\t\t\t\t\t\t<\/div>\n\t\t\t\t\t\t\t\t<\/div>\n\t\t\t\t\t\t\t<\/div>\n\t\t\t\t\t\t\t\t\t\t\t<\/div>\n\t\t\t\t\t\t\t\t\t\t\t<!-- slider FOOTER -->\n\t\t\t\t\t\t<div class=\"container container_p-xs-0 slider-testimonials__footer mt-1 mt-md-2\">\n\t\t\t\t\t\t\t<div class=\"row justify-content-between align-items-center slider-testimonials__row no-gutters\">\n\t\t\t\t\t\t\t\t\t\t\t\t\t\t\t\t\t\t\t\t\t\t\t\t\t<!-- slider DOTS -->\n\t\t\t\t\t\t\t\t\t<div class=\"col-auto order-2 mx-auto\">\n\t\t\t\t\t\t\t\t\t\t<div class=\"slider__dots js-slider__dots\">\n\t\t\t\t\t\t\t\t\t\t<\/div>\n\t\t\t\t\t\t\t\t\t<\/div>\n\t\t\t\t\t\t\t\t\t<!-- - slider DOTS -->\n\t\t\t\t\t\t\t\t\t\t\t\t\t\t\t<\/div>\n\t\t\t\t\t\t<\/div>\n\t\t\t\t\t\t<!-- - slider FOOTER -->\n\t\t\t\t\t\t\t\t\t\t\t\t\t\t\t\t<div class=\"slider-testimonials__arrows\">\n\t\t\t\t\t\t\t<div class=\"slider__arrow slider__arrow_left js-slider__arrow-prev\">\n\t\t\t\t\t\t\t\t\t\t<div class=\"js-arrow arrow arrow-left\" data-arts-cursor=true data-arts-cursor-scale=0 data-arts-cursor-magnetic=true data-arts-cursor-hide-native=true>\n\t\t\t\n<svg class=\"svg-circle\" viewBox=\"0 0 60 60\" width=\"60\" height=\"60\" version=\"1.1\" xmlns=\"http:\/\/www.w3.org\/2000\/svg\" xmlns:xlink=\"http:\/\/www.w3.org\/1999\/xlink\">\n\t<circle class=\"circle\" cx=\"30\" cy=\"30\" r=\"29\" fill=\"none\"><\/circle>\n<\/svg>\n\t\t\t<div class=\"arrow__pointer arrow-left__pointer\"><\/div>\n\t\t\t<div class=\"arrow__triangle\"><\/div>\n\t\t<\/div>\n\t\t\t\t\t\t\t\t\t<\/div>\n\t\t\t\t\t\t\t<div class=\"slider__arrow slider__arrow_right js-slider__arrow-next\">\n\t\t\t\t\t\t\t\t\t\t<div class=\"js-arrow arrow arrow-right\" data-arts-cursor=true data-arts-cursor-scale=0 data-arts-cursor-magnetic=true data-arts-cursor-hide-native=true>\n\t\t\t\n<svg class=\"svg-circle\" viewBox=\"0 0 60 60\" width=\"60\" height=\"60\" version=\"1.1\" xmlns=\"http:\/\/www.w3.org\/2000\/svg\" xmlns:xlink=\"http:\/\/www.w3.org\/1999\/xlink\">\n\t<circle class=\"circle\" cx=\"30\" cy=\"30\" r=\"29\" fill=\"none\"><\/circle>\n<\/svg>\n\t\t\t<div class=\"arrow__pointer arrow-right__pointer\"><\/div>\n\t\t\t<div class=\"arrow__triangle\"><\/div>\n\t\t<\/div>\n\t\t\t\t\t\t\t\t\t<\/div>\n\t\t\t\t\t\t<\/div>\n\t\t\t\t\t\t\t\t\t<\/div>\n\t\t\t<\/div>\n\t\t\n\t\t\t\t\t\t<\/div>\n\t\t\t\t<\/div>\n\t\t\t\t\t<\/div>\n\t\t<\/div>\n\t\t\t\t\t<\/div>\n\t\t<\/section>\n\t\t\t\t\t<\/div>\n\t\t<\/div>\n\t\t\t\t\t<\/div>\n\t\t<\/section>\n\t\t\t\t<\/div>\n\t\t","protected":false},"excerpt":{"rendered":"<p>Como estudio de arquitectura competente, nuestro objetivo es dise\u00f1ar y construir de acuerdo con las necesidades de nuestros clientes. Lideramos nuestra profesi\u00f3n con un gran conocimiento y con plena conciencia de nuestra responsabilidad hacia el medio ambiente y la sociedad. La econom\u00eda y la industria de la construcci\u00f3n actual como concepto de desarrollo sostenible, requieren [&hellip;]<\/p>\n","protected":false},"author":1,"featured_media":3368,"parent":0,"menu_order":0,"comment_status":"closed","ping_status":"closed","template":"","meta":{"_acf_changed":false,"footnotes":""},"class_list":["post-3379","page","type-page","status-publish","has-post-thumbnail","hentry"],"acf":[],"_links":{"self":[{"href":"https:\/\/tigges.es\/es\/wp-json\/wp\/v2\/pages\/3379","targetHints":{"allow":["GET"]}}],"collection":[{"href":"https:\/\/tigges.es\/es\/wp-json\/wp\/v2\/pages"}],"about":[{"href":"https:\/\/tigges.es\/es\/wp-json\/wp\/v2\/types\/page"}],"author":[{"embeddable":true,"href":"https:\/\/tigges.es\/es\/wp-json\/wp\/v2\/users\/1"}],"replies":[{"embeddable":true,"href":"https:\/\/tigges.es\/es\/wp-json\/wp\/v2\/comments?post=3379"}],"version-history":[{"count":0,"href":"https:\/\/tigges.es\/es\/wp-json\/wp\/v2\/pages\/3379\/revisions"}],"wp:featuredmedia":[{"embeddable":true,"href":"https:\/\/tigges.es\/es\/wp-json\/wp\/v2\/media\/3368"}],"wp:attachment":[{"href":"https:\/\/tigges.es\/es\/wp-json\/wp\/v2\/media?parent=3379"}],"curies":[{"name":"wp","href":"https:\/\/api.w.org\/{rel}","templated":true}]}}