{"id":3381,"date":"2023-09-27T08:54:59","date_gmt":"2023-09-27T08:54:59","guid":{"rendered":"http:\/\/tigges.es\/contacto\/"},"modified":"2023-12-06T11:10:47","modified_gmt":"2023-12-06T10:10:47","slug":"contacto","status":"publish","type":"page","link":"https:\/\/tigges.es\/es\/contacto\/","title":{"rendered":"Contacto"},"content":{"rendered":"\t\t<div data-elementor-type=\"wp-page\" data-elementor-id=\"3381\" class=\"elementor elementor-3381 elementor-2244\" data-elementor-settings=\"{&quot;rhye_hide_title_disabled&quot;:&quot;yes&quot;}\" data-elementor-post-type=\"page\">\n\t\t\t\t\t\t<section class=\"elementor-section elementor-top-section elementor-element elementor-element-0bd6f20 mb-small elementor-hidden-desktop elementor-hidden-tablet elementor-hidden-mobile elementor-section-boxed elementor-section-height-default elementor-section-height-default\" data-id=\"0bd6f20\" data-element_type=\"section\" data-e-type=\"section\">\n\t\t\t\t\t\t<div class=\"elementor-container elementor-column-gap-no\">\n\t\t\t\t\t<div class=\"elementor-column elementor-col-100 elementor-top-column elementor-element elementor-element-a44a691\" data-id=\"a44a691\" data-element_type=\"column\" data-e-type=\"column\">\n\t\t\t<div class=\"elementor-widget-wrap elementor-element-populated\">\n\t\t\t\t\t\t<section class=\"elementor-section elementor-inner-section elementor-element elementor-element-b79398e elementor-section-content-middle elementor-section-boxed elementor-section-height-default elementor-section-height-default\" data-id=\"b79398e\" data-element_type=\"section\" data-e-type=\"section\">\n\t\t\t\t\t\t<div class=\"elementor-container elementor-column-gap-no\">\n\t\t\t\t\t<div class=\"elementor-column elementor-col-50 elementor-inner-column elementor-element elementor-element-b912dfe bg-dark-1 arts-elementor-theme-light\" data-id=\"b912dfe\" data-element_type=\"column\" data-e-type=\"column\" data-settings=\"{&quot;theme_section_color&quot;:&quot;bg-dark-1&quot;,&quot;theme_section_main_theme_text&quot;:&quot;arts-elementor-theme-light&quot;}\">\n\t\t\t<div class=\"elementor-widget-wrap elementor-element-populated\">\n\t\t\t\t\t\t<div class=\"elementor-element elementor-element-d5fdbdb elementor-widget elementor-widget-rhye-widget-project-properties\" data-id=\"d5fdbdb\" data-element_type=\"widget\" data-e-type=\"widget\" data-settings=\"{&quot;columns&quot;:&quot;12&quot;,&quot;columns_tablet&quot;:&quot;12&quot;,&quot;columns_mobile&quot;:12}\" data-widget_type=\"rhye-widget-project-properties.default\">\n\t\t\t\t<div class=\"elementor-widget-container\">\n\t\t\t\t\t\n\t\t\t\t\t<div class=\"section section-properties section-content\">\n\t\t\t\t<div class=\"row\">\n\t\t\t\t\t\t\t\t\t\t\t\t\t\t\t\t\t<div class=\"section-properties__item col-lg-12 col-sm-12 col-12\">\n\t\t\t\t\t\t\t<div class=\"figure-info\">\n\t\t\t\t\t\t\t\t<div class=\"figure-info__option h5\">\n\t\t\t\t\t\t\t\t\t<div >Switzerland<\/div>\n\t\t\t\t\t\t\t\t<\/div>\n\t\t\t\t\t\t\t\t<div class=\"figure-info__value paragraph\">\n\t\t\t\t\t\t\t\t\t<div >Hochstrasse 111 CH 4053 Basel <br>+41 61 331 10 13  <\/div>\n\t\t\t\t\t\t\t\t<\/div>\n\t\t\t\t\t\t\t<\/div>\n\t\t\t\t\t\t<\/div>\n\t\t\t\t\t\t\t\t\t\t\t\t\t\t\t\t\t<div class=\"section-properties__item col-lg-12 col-sm-12 col-12\">\n\t\t\t\t\t\t\t<div class=\"figure-info\">\n\t\t\t\t\t\t\t\t<div class=\"figure-info__option h5\">\n\t\t\t\t\t\t\t\t\t<div >Espa\u00f1a<\/div>\n\t\t\t\t\t\t\t\t<\/div>\n\t\t\t\t\t\t\t\t<div class=\"figure-info__value paragraph\">\n\t\t\t\t\t\t\t\t\t<div >C\/Ast\u00faries 40 E 08012 Barcelona <br>+34 93 459 11 13<\/div>\n\t\t\t\t\t\t\t\t<\/div>\n\t\t\t\t\t\t\t<\/div>\n\t\t\t\t\t\t<\/div>\n\t\t\t\t\t\t\t\t\t\t\t\t\t\t<\/div>\n\t\t\t<\/div>\n\t\t\n\t\t\t\t\t\t<\/div>\n\t\t\t\t<\/div>\n\t\t\t\t\t<\/div>\n\t\t<\/div>\n\t\t\t\t<div class=\"elementor-column elementor-col-50 elementor-inner-column elementor-element elementor-element-cdf0a94 bg-white\" data-id=\"cdf0a94\" data-element_type=\"column\" data-e-type=\"column\" data-settings=\"{&quot;theme_section_color&quot;:&quot;bg-white&quot;}\">\n\t\t\t<div class=\"elementor-widget-wrap elementor-element-populated\">\n\t\t\t\t\t\t<div class=\"elementor-element elementor-element-8be3fd2 elementor-widget elementor-widget-shortcode\" data-id=\"8be3fd2\" data-element_type=\"widget\" data-e-type=\"widget\" data-widget_type=\"shortcode.default\">\n\t\t\t\t<div class=\"elementor-widget-container\">\n\t\t\t\t\t\t\t<div class=\"elementor-shortcode\">\n<div class=\"wpcf7 no-js\" id=\"wpcf7-f1624-o1\" lang=\"en-US\" dir=\"ltr\" data-wpcf7-id=\"1624\">\n<div class=\"screen-reader-response\"><p role=\"status\" aria-live=\"polite\" aria-atomic=\"true\"><\/p> <ul><\/ul><\/div>\n<form action=\"\/es\/wp-json\/wp\/v2\/pages\/3381#wpcf7-f1624-o1\" method=\"post\" class=\"wpcf7-form init\" aria-label=\"Contact form\" novalidate=\"novalidate\" data-status=\"init\">\n<fieldset class=\"hidden-fields-container\"><input type=\"hidden\" name=\"_wpcf7\" value=\"1624\" \/><input type=\"hidden\" name=\"_wpcf7_version\" value=\"6.1.5\" \/><input type=\"hidden\" name=\"_wpcf7_locale\" value=\"en_US\" \/><input type=\"hidden\" name=\"_wpcf7_unit_tag\" value=\"wpcf7-f1624-o1\" \/><input type=\"hidden\" name=\"_wpcf7_container_post\" value=\"0\" \/><input type=\"hidden\" name=\"_wpcf7_posted_data_hash\" value=\"\" \/><input type=\"hidden\" name=\"_wpcf7_recaptcha_response\" value=\"\" \/>\n<\/fieldset>\n<!-- header -->\n<div class=\"row form__row\">\n  <div class=\"col form__col\">\n    <h3 class=\"h4 mt-0 mb-0\">Send Message<\/h3>\n  <\/div>\n<\/div>\n<!-- - header -->\n<!-- input name -->\n<div class=\"row form__row\">\n  <div class=\"col form__col\">\n    <label class=\"input-float js-input-float\">\n      <span class=\"wpcf7-form-control-wrap\" data-name=\"your-name\"><input size=\"40\" maxlength=\"400\" class=\"wpcf7-form-control wpcf7-text wpcf7-validates-as-required input-float__input\" aria-required=\"true\" aria-invalid=\"false\" value=\"\" type=\"text\" name=\"your-name\" \/><\/span>\n      <span class=\"input-float__label\">Your Name<\/span>\n    <\/label>\n  <\/div>\n<\/div>\n<!-- - input name -->\n<!-- input e-mail -->\n<div class=\"row form__row\">\n  <div class=\"col form__col\">\n    <label class=\"input-float js-input-float\">\n      <span class=\"wpcf7-form-control-wrap\" data-name=\"your-email\"><input size=\"40\" maxlength=\"400\" class=\"wpcf7-form-control wpcf7-email wpcf7-validates-as-required wpcf7-text wpcf7-validates-as-email input-float__input\" aria-required=\"true\" aria-invalid=\"false\" value=\"\" type=\"email\" name=\"your-email\" \/><\/span>\n      <span class=\"input-float__label\">Your E-mail<\/span>\n    <\/label>\n  <\/div>\n<\/div>\n<!-- - input e-mail -->\n<!-- input #3 -->\n<div class=\"row form__row\">\n  <div class=\"col form__col\">\n    <label class=\"input-float js-input-float\">\n      <span class=\"wpcf7-form-control-wrap\" data-name=\"your-message\"><textarea cols=\"40\" rows=\"3\" maxlength=\"2000\" class=\"wpcf7-form-control wpcf7-textarea input-float__input input-float__input_textarea\" aria-invalid=\"false\" name=\"your-message\"><\/textarea><\/span>\n      <span class=\"input-float__label\">Your Message<\/span>\n    <\/label>\n  <\/div>\n<\/div>\n<!-- - input e-mail -->\n<!-- submit -->\n<div class=\"row form__row\">\n  <div class=\"col form__col form__col_submit\">\n    <button class=\"button button_solid bg-dark-1 button_fullwidth\" data-hover=\"Send Message\" type=\"submit\"><span class=\"button__label-hover\">Send Message<\/span><\/button>\n  <\/div>\n<\/div>\n<!-- - submit --><div class=\"wpcf7-response-output\" aria-hidden=\"true\"><\/div>\n<\/form>\n<\/div>\n<\/div>\n\t\t\t\t\t\t<\/div>\n\t\t\t\t<\/div>\n\t\t\t\t\t<\/div>\n\t\t<\/div>\n\t\t\t\t\t<\/div>\n\t\t<\/section>\n\t\t\t\t\t<\/div>\n\t\t<\/div>\n\t\t\t\t\t<\/div>\n\t\t<\/section>\n\t\t\t\t<section class=\"elementor-section elementor-top-section elementor-element elementor-element-aee1863 mb-small elementor-section-boxed elementor-section-height-default elementor-section-height-default\" data-id=\"aee1863\" data-element_type=\"section\" data-e-type=\"section\">\n\t\t\t\t\t\t<div class=\"elementor-container elementor-column-gap-no\">\n\t\t\t\t\t<div class=\"elementor-column elementor-col-100 elementor-top-column elementor-element elementor-element-0557a14\" data-id=\"0557a14\" data-element_type=\"column\" data-e-type=\"column\">\n\t\t\t<div class=\"elementor-widget-wrap elementor-element-populated\">\n\t\t\t\t\t\t<section class=\"elementor-section elementor-inner-section elementor-element elementor-element-4a9d75c elementor-section-content-middle elementor-section-boxed elementor-section-height-default elementor-section-height-default\" data-id=\"4a9d75c\" data-element_type=\"section\" data-e-type=\"section\">\n\t\t\t\t\t\t<div class=\"elementor-container elementor-column-gap-no\">\n\t\t\t\t\t<div class=\"elementor-column elementor-col-50 elementor-inner-column elementor-element elementor-element-5489be3 bg-dark-1 arts-elementor-theme-light\" data-id=\"5489be3\" data-element_type=\"column\" data-e-type=\"column\" data-settings=\"{&quot;theme_section_color&quot;:&quot;bg-dark-1&quot;,&quot;theme_section_main_theme_text&quot;:&quot;arts-elementor-theme-light&quot;}\">\n\t\t\t<div class=\"elementor-widget-wrap elementor-element-populated\">\n\t\t\t\t\t\t<div class=\"elementor-element elementor-element-ef39c3e elementor-widget elementor-widget-rhye-widget-project-properties\" data-id=\"ef39c3e\" data-element_type=\"widget\" data-e-type=\"widget\" data-settings=\"{&quot;columns&quot;:&quot;12&quot;,&quot;columns_tablet&quot;:&quot;12&quot;,&quot;columns_mobile&quot;:12}\" data-widget_type=\"rhye-widget-project-properties.default\">\n\t\t\t\t<div class=\"elementor-widget-container\">\n\t\t\t\t\t\n\t\t\t\t\t<div class=\"section section-properties section-content\">\n\t\t\t\t<div class=\"row\">\n\t\t\t\t\t\t\t\t\t\t\t\t\t\t\t\t\t<div class=\"section-properties__item col-lg-12 col-sm-12 col-12\">\n\t\t\t\t\t\t\t<div class=\"figure-info\">\n\t\t\t\t\t\t\t\t<div class=\"figure-info__option h5\">\n\t\t\t\t\t\t\t\t\t<div >Switzerland<\/div>\n\t\t\t\t\t\t\t\t<\/div>\n\t\t\t\t\t\t\t\t<div class=\"figure-info__value paragraph\">\n\t\t\t\t\t\t\t\t\t<div >Hochstrasse 111 CH 4053 Basel <br>+41 61 331 10 13  <\/div>\n\t\t\t\t\t\t\t\t<\/div>\n\t\t\t\t\t\t\t<\/div>\n\t\t\t\t\t\t<\/div>\n\t\t\t\t\t\t\t\t\t\t\t\t\t\t\t\t\t<div class=\"section-properties__item col-lg-12 col-sm-12 col-12\">\n\t\t\t\t\t\t\t<div class=\"figure-info\">\n\t\t\t\t\t\t\t\t<div class=\"figure-info__option h5\">\n\t\t\t\t\t\t\t\t\t<div >Espa\u00f1a<\/div>\n\t\t\t\t\t\t\t\t<\/div>\n\t\t\t\t\t\t\t\t<div class=\"figure-info__value paragraph\">\n\t\t\t\t\t\t\t\t\t<div >C\/Ast\u00faries 40 E 08012 Barcelona <br>+34 93 459 11 13<\/div>\n\t\t\t\t\t\t\t\t<\/div>\n\t\t\t\t\t\t\t<\/div>\n\t\t\t\t\t\t<\/div>\n\t\t\t\t\t\t\t\t\t\t\t\t\t\t<\/div>\n\t\t\t<\/div>\n\t\t\n\t\t\t\t\t\t<\/div>\n\t\t\t\t<\/div>\n\t\t\t\t\t<\/div>\n\t\t<\/div>\n\t\t\t\t<div class=\"elementor-column elementor-col-50 elementor-inner-column elementor-element elementor-element-5ac39fc bg-white\" data-id=\"5ac39fc\" data-element_type=\"column\" data-e-type=\"column\" data-settings=\"{&quot;theme_section_color&quot;:&quot;bg-white&quot;}\">\n\t\t\t<div class=\"elementor-widget-wrap elementor-element-populated\">\n\t\t\t\t\t\t<div class=\"elementor-element elementor-element-59acb5b elementor-widget elementor-widget-heading\" data-id=\"59acb5b\" data-element_type=\"widget\" data-e-type=\"widget\" data-widget_type=\"heading.default\">\n\t\t\t\t<div class=\"elementor-widget-container\">\n\t\t\t\t\t<h2 class=\"elementor-heading-title elementor-size-default\"><a href=\"mailto:daniel@tigges.es\">Clica en el siguiente bot\u00f3n para enviarme un correo electr\u00f3nico<\/a><\/h2>\t\t\t\t<\/div>\n\t\t\t\t<\/div>\n\t\t\t\t<div class=\"elementor-element elementor-element-3f046ce elementor-widget elementor-widget-rhye-widget-button\" data-id=\"3f046ce\" data-element_type=\"widget\" data-e-type=\"widget\" data-widget_type=\"rhye-widget-button.default\">\n\t\t\t\t<div class=\"elementor-widget-container\">\n\t\t\t\t\t\n\t\t\t\t\t<div class=\"section section-content\" data-arts-os-animation=\"true\">\n\t\t\t\t<div class=\"section-content__button\">\n\t\t\t\t\t<a class=\"elementor-button-link button button_solid bg-dark-1\" href=\"mailto:daniel@tigges.es%20\" data-hover=\"ABRIR MAIL\">\n\t\t\t\t\t\t<span class=\"button__label-hover\">ABRIR MAIL<\/span>\n\t\t\t\t\t<\/a>\n\t\t\t\t<\/div>\n\t\t\t<\/div>\n\t\t\n\t\t\t\t\t\t<\/div>\n\t\t\t\t<\/div>\n\t\t\t\t\t<\/div>\n\t\t<\/div>\n\t\t\t\t\t<\/div>\n\t\t<\/section>\n\t\t\t\t\t<\/div>\n\t\t<\/div>\n\t\t\t\t\t<\/div>\n\t\t<\/section>\n\t\t\t\t<\/div>\n\t\t","protected":false},"excerpt":{"rendered":"<p>Switzerland Hochstrasse 111 CH 4053 Basel +41 61 331 10 13 Espa\u00f1a C\/Ast\u00faries 40 E 08012 Barcelona +34 93 459 11 13 Switzerland Hochstrasse 111 CH 4053 Basel +41 61 331 10 13 Espa\u00f1a C\/Ast\u00faries 40 E 08012 Barcelona +34 93 459 11 13 Clica en el siguiente bot\u00f3n para enviarme un correo electr\u00f3nico ABRIR [&hellip;]<\/p>\n","protected":false},"author":1,"featured_media":0,"parent":0,"menu_order":0,"comment_status":"closed","ping_status":"closed","template":"","meta":{"_acf_changed":false,"footnotes":""},"class_list":["post-3381","page","type-page","status-publish","hentry"],"acf":[],"_links":{"self":[{"href":"https:\/\/tigges.es\/es\/wp-json\/wp\/v2\/pages\/3381","targetHints":{"allow":["GET"]}}],"collection":[{"href":"https:\/\/tigges.es\/es\/wp-json\/wp\/v2\/pages"}],"about":[{"href":"https:\/\/tigges.es\/es\/wp-json\/wp\/v2\/types\/page"}],"author":[{"embeddable":true,"href":"https:\/\/tigges.es\/es\/wp-json\/wp\/v2\/users\/1"}],"replies":[{"embeddable":true,"href":"https:\/\/tigges.es\/es\/wp-json\/wp\/v2\/comments?post=3381"}],"version-history":[{"count":0,"href":"https:\/\/tigges.es\/es\/wp-json\/wp\/v2\/pages\/3381\/revisions"}],"wp:attachment":[{"href":"https:\/\/tigges.es\/es\/wp-json\/wp\/v2\/media?parent=3381"}],"curies":[{"name":"wp","href":"https:\/\/api.w.org\/{rel}","templated":true}]}}